{"id":19,"date":"2024-01-11T09:32:55","date_gmt":"2024-01-11T02:32:55","guid":{"rendered":"https:\/\/hanspaces.vn\/trang-chu\/"},"modified":"2026-04-03T11:29:15","modified_gmt":"2026-04-03T04:29:15","slug":"homepage","status":"publish","type":"page","link":"https:\/\/hanspaces.vn\/vi\/","title":{"rendered":"Thi\u1ebft k\u1ebf thi c\u00f4ng v\u0103n ph\u00f2ng"},"content":{"rendered":"","protected":false},"excerpt":{"rendered":"","protected":false},"author":1,"featured_media":904,"parent":0,"menu_order":0,"comment_status":"closed","ping_status":"closed","template":"home.php","meta":{"inline_featured_image":false,"footnotes":""},"class_list":["post-19","page","type-page","status-publish","has-post-thumbnail","hentry"],"acf":[],"_links":{"self":[{"href":"https:\/\/hanspaces.vn\/vi\/wp-json\/wp\/v2\/pages\/19","targetHints":{"allow":["GET"]}}],"collection":[{"href":"https:\/\/hanspaces.vn\/vi\/wp-json\/wp\/v2\/pages"}],"about":[{"href":"https:\/\/hanspaces.vn\/vi\/wp-json\/wp\/v2\/types\/page"}],"author":[{"embeddable":true,"href":"https:\/\/hanspaces.vn\/vi\/wp-json\/wp\/v2\/users\/1"}],"replies":[{"embeddable":true,"href":"https:\/\/hanspaces.vn\/vi\/wp-json\/wp\/v2\/comments?post=19"}],"version-history":[{"count":51,"href":"https:\/\/hanspaces.vn\/vi\/wp-json\/wp\/v2\/pages\/19\/revisions"}],"predecessor-version":[{"id":3151,"href":"https:\/\/hanspaces.vn\/vi\/wp-json\/wp\/v2\/pages\/19\/revisions\/3151"}],"wp:featuredmedia":[{"embeddable":true,"href":"https:\/\/hanspaces.vn\/vi\/wp-json\/wp\/v2\/media\/904"}],"wp:attachment":[{"href":"https:\/\/hanspaces.vn\/vi\/wp-json\/wp\/v2\/media?parent=19"}],"curies":[{"name":"wp","href":"https:\/\/api.w.org\/{rel}","templated":true}]}}