{"id":730,"date":"2024-01-11T10:11:52","date_gmt":"2024-01-11T10:11:52","guid":{"rendered":"https:\/\/hanspaces.vn\/about-us\/"},"modified":"2026-01-04T07:32:18","modified_gmt":"2026-01-04T07:32:18","slug":"about-us","status":"publish","type":"page","link":"https:\/\/hanspaces.vn\/vi\/about-us\/","title":{"rendered":"Gi\u1edbi Thi\u1ec7u"},"content":{"rendered":"<div class=\"flex flex-col text-sm pb-25\">\n<article class=\"text-token-text-primary w-full focus:outline-none [--shadow-height:45px] has-data-writing-block:pointer-events-none has-data-writing-block:-mt-(--shadow-height) has-data-writing-block:pt-(--shadow-height) [&amp;:has([data-writing-block])&gt;*]:pointer-events-auto [content-visibility:auto] supports-[content-visibility:auto]:[contain-intrinsic-size:auto_100lvh] scroll-mt-[calc(var(--header-height)+min(200px,max(70px,20svh)))]\" dir=\"auto\" tabindex=\"-1\" data-turn-id=\"83b6ea13-7b7e-4a03-a4fb-6e4c88ad169b\" data-testid=\"conversation-turn-2\" data-scroll-anchor=\"true\" data-turn=\"assistant\">\n<div class=\"text-base my-auto mx-auto pb-10 [--thread-content-margin:--spacing(4)] @w-sm\/main:[--thread-content-margin:--spacing(6)] @w-lg\/main:[--thread-content-margin:--spacing(16)] px-(--thread-content-margin)\">\n<div class=\"[--thread-content-max-width:40rem] @w-lg\/main:[--thread-content-max-width:48rem] mx-auto max-w-(--thread-content-max-width) flex-1 group\/turn-messages focus-visible:outline-hidden relative flex w-full min-w-0 flex-col agent-turn\" tabindex=\"-1\">\n<div class=\"flex max-w-full flex-col grow\">\n<div class=\"min-h-8 text-message relative flex w-full flex-col items-end gap-2 text-start break-words whitespace-normal [.text-message+&amp;]:mt-1\" dir=\"auto\" data-message-author-role=\"assistant\" data-message-id=\"3c52047d-b829-4bcd-aa74-a8fdc1add01a\" data-message-model-slug=\"gpt-5-2\">\n<div class=\"flex w-full flex-col gap-1 empty:hidden first:pt-[1px]\">\n<div class=\"markdown prose dark:prose-invert w-full break-words dark markdown-new-styling\">\n<p data-start=\"0\" data-end=\"213\" data-is-last-node=\"\" data-is-only-node=\"\">Han Spaces, th\u00e0nh l\u1eadp n\u0103m 2014, \u0111\u01b0\u1ee3c \u0111\u1ea7u t\u01b0 b\u1edfi \u0111\u1ed1i t\u00e1c uy t\u00edn t\u1eeb \u00dac, cung c\u1ea5p gi\u1ea3i ph\u00e1p thi\u1ebft k\u1ebf v\u0103n ph\u00f2ng t\u00f9y ch\u1ec9nh, t\u1ed1i \u01b0u hi\u1ec7u qu\u1ea3 l\u00e0m vi\u1ec7c, ph\u1ea3n \u00e1nh b\u1ea3n s\u1eafc th\u01b0\u01a1ng hi\u1ec7u v\u00e0 truy\u1ec1n c\u1ea3m h\u1ee9ng cho \u0111\u1ed9i ng\u0169 nh\u00e2n s\u1ef1.<\/p>\n<\/div>\n<\/div>\n<\/div>\n<\/div>\n<\/div>\n<\/div>\n<\/article>\n<\/div>\n","protected":false},"excerpt":{"rendered":"<p>Han Spaces, th\u00e0nh l\u1eadp n\u0103m 2014, \u0111\u01b0\u1ee3c \u0111\u1ea7u t\u01b0 b\u1edfi \u0111\u1ed1i t\u00e1c uy t\u00edn t\u1eeb \u00dac, cung c\u1ea5p gi\u1ea3i ph\u00e1p thi\u1ebft k\u1ebf v\u0103n ph\u00f2ng t\u00f9y ch\u1ec9nh, t\u1ed1i \u01b0u hi\u1ec7u qu\u1ea3 l\u00e0m vi\u1ec7c, ph\u1ea3n \u00e1nh b\u1ea3n s\u1eafc th\u01b0\u01a1ng hi\u1ec7u v\u00e0 truy\u1ec1n c\u1ea3m h\u1ee9ng cho \u0111\u1ed9i ng\u0169 nh\u00e2n s\u1ef1.<\/p>\n","protected":false},"author":1,"featured_media":0,"parent":0,"menu_order":0,"comment_status":"closed","ping_status":"closed","template":"page-about.php","meta":{"inline_featured_image":false,"footnotes":""},"class_list":["post-730","page","type-page","status-publish","hentry"],"acf":[],"_links":{"self":[{"href":"https:\/\/hanspaces.vn\/vi\/wp-json\/wp\/v2\/pages\/730","targetHints":{"allow":["GET"]}}],"collection":[{"href":"https:\/\/hanspaces.vn\/vi\/wp-json\/wp\/v2\/pages"}],"about":[{"href":"https:\/\/hanspaces.vn\/vi\/wp-json\/wp\/v2\/types\/page"}],"author":[{"embeddable":true,"href":"https:\/\/hanspaces.vn\/vi\/wp-json\/wp\/v2\/users\/1"}],"replies":[{"embeddable":true,"href":"https:\/\/hanspaces.vn\/vi\/wp-json\/wp\/v2\/comments?post=730"}],"version-history":[{"count":6,"href":"https:\/\/hanspaces.vn\/vi\/wp-json\/wp\/v2\/pages\/730\/revisions"}],"predecessor-version":[{"id":2117,"href":"https:\/\/hanspaces.vn\/vi\/wp-json\/wp\/v2\/pages\/730\/revisions\/2117"}],"wp:attachment":[{"href":"https:\/\/hanspaces.vn\/vi\/wp-json\/wp\/v2\/media?parent=730"}],"curies":[{"name":"wp","href":"https:\/\/api.w.org\/{rel}","templated":true}]}}